{"id":478,"date":"2021-03-16T19:00:02","date_gmt":"2021-03-17T01:00:02","guid":{"rendered":"https:\/\/lanubesota.mx\/x_2\/?page_id=478"},"modified":"2023-05-09T12:02:45","modified_gmt":"2023-05-09T18:02:45","slug":"colaboracion-en-materia-de-justicia","status":"publish","type":"page","link":"https:\/\/lanubesota.mx\/x_2\/colaboracion-en-materia-de-justicia\/","title":{"rendered":"Colaboraci\u00f3n en materia de justicia"},"content":{"rendered":"\t\t<div data-elementor-type=\"wp-page\" data-elementor-id=\"478\" class=\"elementor elementor-478\" data-elementor-post-type=\"page\">\n\t\t\t\t\t\t<section class=\"elementor-section elementor-top-section elementor-element elementor-element-a165462 elementor-section-boxed elementor-section-height-default elementor-section-height-default\" data-id=\"a165462\" data-element_type=\"section\">\n\t\t\t\t\t\t<div class=\"elementor-container elementor-column-gap-default\">\n\t\t\t\t\t<div class=\"elementor-column elementor-col-100 elementor-top-column elementor-element elementor-element-770ab3c\" data-id=\"770ab3c\" data-element_type=\"column\">\n\t\t\t<div class=\"elementor-widget-wrap elementor-element-populated\">\n\t\t\t\t\t\t<div class=\"elementor-element elementor-element-2fddc5f elementor-widget elementor-widget-spacer\" data-id=\"2fddc5f\" data-element_type=\"widget\" data-widget_type=\"spacer.default\">\n\t\t\t\t<div class=\"elementor-widget-container\">\n\t\t\t\t\t\t\t<div class=\"elementor-spacer\">\n\t\t\t<div class=\"elementor-spacer-inner\"><\/div>\n\t\t<\/div>\n\t\t\t\t\t\t<\/div>\n\t\t\t\t<\/div>\n\t\t\t\t\t<\/div>\n\t\t<\/div>\n\t\t\t\t\t<\/div>\n\t\t<\/section>\n\t\t\t\t<section class=\"elementor-section elementor-top-section elementor-element elementor-element-e06f717 elementor-section-boxed elementor-section-height-default elementor-section-height-default\" data-id=\"e06f717\" data-element_type=\"section\">\n\t\t\t\t\t\t<div class=\"elementor-container elementor-column-gap-default\">\n\t\t\t\t\t<div class=\"elementor-column elementor-col-100 elementor-top-column elementor-element elementor-element-0cbc558\" data-id=\"0cbc558\" data-element_type=\"column\">\n\t\t\t<div class=\"elementor-widget-wrap elementor-element-populated\">\n\t\t\t\t\t\t<div class=\"elementor-element elementor-element-a31b129 elementor-view-default elementor-widget elementor-widget-icon\" data-id=\"a31b129\" data-element_type=\"widget\" data-widget_type=\"icon.default\">\n\t\t\t\t<div class=\"elementor-widget-container\">\n\t\t\t\t\t\t\t<div class=\"elementor-icon-wrapper\">\n\t\t\t<div class=\"elementor-icon\">\n\t\t\t<svg xmlns=\"http:\/\/www.w3.org\/2000\/svg\" xmlns:xlink=\"http:\/\/www.w3.org\/1999\/xlink\" xmlns:svgjs=\"http:\/\/svgjs.com\/svgjs\" width=\"512\" height=\"512\" x=\"0\" y=\"0\" viewBox=\"0 0 512 512\" style=\"enable-background:new 0 0 512 512\" xml:space=\"preserve\"><g><g xmlns=\"http:\/\/www.w3.org\/2000\/svg\"><path d=\"m391 496c0-24.853-20.147-45-45-45h-180c-24.853 0-45 20.147-45 45v16h270z\" fill=\"#0e71b9\" data-original=\"#000000\" style=\"\"><\/path><path d=\"m482 121v-30h-183.763c-4.532-12.708-14.529-22.705-27.237-27.237v-63.763h-30v63.763c-12.708 4.532-22.705 14.529-27.237 27.237h-183.763v30h37.504l-67.504 165c0 41.353 33.647 75 75 75h30c41.353 0 75-33.647 75-75l-67.809-165h101.573c4.532 12.708 14.529 22.705 27.237 27.237v214.407c-29.315 5.999-52.505 29.03-58.482 58.356h146.964c-5.977-29.326-29.167-52.357-58.482-58.356v-214.407c12.708-4.532 22.705-14.529 27.237-27.237h101.267l-67.505 165c0 41.353 33.647 75 75 75h30c41.353 0 75-33.647 75-75l-67.809-165zm-339.504 150h-104.992l52.496-126.006zm332 0h-104.992l52.496-126.006z\" fill=\"#0e71b9\" data-original=\"#000000\" style=\"\"><\/path><\/g><\/g><\/svg>\t\t\t<\/div>\n\t\t<\/div>\n\t\t\t\t\t\t<\/div>\n\t\t\t\t<\/div>\n\t\t\t\t\t<\/div>\n\t\t<\/div>\n\t\t\t\t\t<\/div>\n\t\t<\/section>\n\t\t\t\t<section class=\"elementor-section elementor-top-section elementor-element elementor-element-946287d elementor-section-boxed elementor-section-height-default elementor-section-height-default\" data-id=\"946287d\" data-element_type=\"section\">\n\t\t\t\t\t\t<div class=\"elementor-container elementor-column-gap-default\">\n\t\t\t\t\t<div class=\"elementor-column elementor-col-100 elementor-top-column elementor-element elementor-element-992297a\" data-id=\"992297a\" data-element_type=\"column\">\n\t\t\t<div class=\"elementor-widget-wrap elementor-element-populated\">\n\t\t\t\t\t\t<div class=\"elementor-element elementor-element-01ffeb7 elementor-widget elementor-widget-heading\" data-id=\"01ffeb7\" data-element_type=\"widget\" data-widget_type=\"heading.default\">\n\t\t\t\t<div class=\"elementor-widget-container\">\n\t\t\t\t\t<h2 class=\"elementor-heading-title elementor-size-default\">Colaboraci\u00f3n en Materia de Justicia<\/h2>\t\t\t\t<\/div>\n\t\t\t\t<\/div>\n\t\t\t\t\t<\/div>\n\t\t<\/div>\n\t\t\t\t\t<\/div>\n\t\t<\/section>\n\t\t\t\t<section class=\"elementor-section elementor-top-section elementor-element elementor-element-e6884fa elementor-section-boxed elementor-section-height-default elementor-section-height-default\" data-id=\"e6884fa\" data-element_type=\"section\">\n\t\t\t\t\t\t<div class=\"elementor-container elementor-column-gap-default\">\n\t\t\t\t\t<div class=\"elementor-column elementor-col-100 elementor-top-column elementor-element elementor-element-3428d5a\" data-id=\"3428d5a\" data-element_type=\"column\">\n\t\t\t<div class=\"elementor-widget-wrap elementor-element-populated\">\n\t\t\t\t\t\t<div class=\"elementor-element elementor-element-9c16d09 elementor-widget elementor-widget-text-editor\" data-id=\"9c16d09\" data-element_type=\"widget\" data-widget_type=\"text-editor.default\">\n\t\t\t\t<div class=\"elementor-widget-container\">\n\t\t\t\t\t\t\t\t\t<p>En cumplimiento con lo dispuesto por los art\u00edculos 189 y 190 de la Ley Federal de Telecomunicaciones y Radiodifusi\u00f3n, as\u00ed como con los Lineamientos de Colaboraci\u00f3n en Materia de Seguridad y Justicia publicados en el Diario Oficial de la Federaci\u00f3n el 02 de diciembre de 2015, se informan los datos del \u00c1rea Responsable para atender los requerimientos sobre localizaci\u00f3n geogr\u00e1fica en tiempo real de los dispositivos o equipos terminales m\u00f3viles, entrega de datos conservados e intervenci\u00f3n de comunicaciones.<\/p><p>\u00c1rea Responsable<br \/>NZXT Telecomunicaciones de M\u00e9xico, S.A. de C.V., por medio de su \u00c1rea Jur\u00eddica.<\/p><p>Direcci\u00f3n para recibir documentaci\u00f3n F\u00edsica<br \/>Leibnitz 47 \u2013 105, Col. Anzures, Ciudad de M\u00e9xico, C.P. 11590.<\/p><p>Direcci\u00f3n de correo electr\u00f3nico:<br \/>colaboracionconlajusticia@nextortelecom.com<\/p><p>Procedimiento<\/p><p>1. Todo requerimiento deber\u00e1 ser enviado al correo electr\u00f3nico antes indicado, o bien, deber\u00e1 de entregarse f\u00edsicamente en el domicilio para recibir documentaci\u00f3n f\u00edsica.<\/p><p>2. Los requerimientos deber\u00e1n contener:<\/p><p>Fecha y lugar,<br \/>Nombre y cargo del servidor p\u00fablico requirente e instituci\u00f3n a la que pertenece,<br \/>Nombramiento de la autoridad designada,<br \/>Fundamento legal del requerimiento, e) n\u00famero(s) telef\u00f3nico(s) a diez d\u00edgitos objeto del requerimiento,<br \/>Objeto de la solicitud,<br \/>Per\u00edodo por el que se solicita la informaci\u00f3n,<br \/>Formatos en el que se requiere ser entregada la informaci\u00f3n (PDF, XLS, o CSV), i) sello de la instituci\u00f3n,<br \/>Correo electr\u00f3nico institucional al cual se enviar\u00e1 la informaci\u00f3n solicitada o direcci\u00f3n f\u00edsica a la cual ser\u00e1 enviada la informaci\u00f3n.<br \/>3. Los requerimientos que no se ajusten a los requisitos de ley, ser\u00e1n devueltos a las autoridades por los mismos medios en los que hayan sido recibidos.<\/p><p>4. Los requerimientos que cumplan con los requisitos de ley, ser\u00e1n legalmente contestados anexando la informaci\u00f3n que exista en los sistemas de la empresa, ya sea por v\u00eda electr\u00f3nica o f\u00edsica, a la direcci\u00f3n indicada por la autoridad emisora.<\/p><p>La presente informaci\u00f3n es de uso exclusivo para Autoridades Facultadas y\/o Designadas, por lo que en caso de hacer uso indebido de la misma, NZXT Telecomunicaciones de M\u00e9xico, S.A. de C.V. se reserva el derecho de ejercitar las acciones legales conducentes para denunciar los hechos que pudieran constituir la comisi\u00f3n de un delito derivado del uso indebido de los medios de comunicaci\u00f3n antes referidos.<\/p>\t\t\t\t\t\t\t\t<\/div>\n\t\t\t\t<\/div>\n\t\t\t\t\t<\/div>\n\t\t<\/div>\n\t\t\t\t\t<\/div>\n\t\t<\/section>\n\t\t\t\t<\/div>\n\t\t","protected":false},"excerpt":{"rendered":"<p>Colaboraci\u00f3n en Materia de Justicia En cumplimiento con lo dispuesto por los art\u00edculos 189 y 190 de la Ley Federal de Telecomunicaciones y Radiodifusi\u00f3n, as\u00ed como con los Lineamientos de Colaboraci\u00f3n en Materia de Seguridad y Justicia publicados en el Diario Oficial de la Federaci\u00f3n el 02 de diciembre de 2015, se informan los datos&#8230;<\/p>\n","protected":false},"author":1,"featured_media":0,"parent":0,"menu_order":0,"comment_status":"closed","ping_status":"closed","template":"elementor_theme","meta":{"_joinchat":[],"footnotes":""},"class_list":["post-478","page","type-page","status-publish","hentry","no-post-thumbnail"],"_links":{"self":[{"href":"https:\/\/lanubesota.mx\/x_2\/wp-json\/wp\/v2\/pages\/478","targetHints":{"allow":["GET"]}}],"collection":[{"href":"https:\/\/lanubesota.mx\/x_2\/wp-json\/wp\/v2\/pages"}],"about":[{"href":"https:\/\/lanubesota.mx\/x_2\/wp-json\/wp\/v2\/types\/page"}],"author":[{"embeddable":true,"href":"https:\/\/lanubesota.mx\/x_2\/wp-json\/wp\/v2\/users\/1"}],"replies":[{"embeddable":true,"href":"https:\/\/lanubesota.mx\/x_2\/wp-json\/wp\/v2\/comments?post=478"}],"version-history":[{"count":1,"href":"https:\/\/lanubesota.mx\/x_2\/wp-json\/wp\/v2\/pages\/478\/revisions"}],"predecessor-version":[{"id":4482,"href":"https:\/\/lanubesota.mx\/x_2\/wp-json\/wp\/v2\/pages\/478\/revisions\/4482"}],"wp:attachment":[{"href":"https:\/\/lanubesota.mx\/x_2\/wp-json\/wp\/v2\/media?parent=478"}],"curies":[{"name":"wp","href":"https:\/\/api.w.org\/{rel}","templated":true}]}}